{"id":415,"date":"2023-02-23T01:10:28","date_gmt":"2023-02-23T00:10:28","guid":{"rendered":"https:\/\/miamiti.cz\/?page_id=415"},"modified":"2025-01-21T01:45:44","modified_gmt":"2025-01-21T00:45:44","slug":"stavba-miamitii","status":"publish","type":"page","link":"https:\/\/miamiti.cz\/en\/schooner-miamitii\/stavba-miamitii\/","title":{"rendered":"Construction"},"content":{"rendered":"\n<p>Historical inspiration pro pl\u00e1ny MIAMITII jsou z knihy Architectura navalis mercatoria, kterou vydal \u0161v\u00e9dsk\u00fd admir\u00e1l a lodn\u00ed konstrukt\u00e9r Fredrik Henrik af Chapman roku 1768.<\/p>\n\n\n\n<figure class=\"wp-block-image size-full is-resized\"><img loading=\"lazy\" decoding=\"async\" src=\"https:\/\/miamiti.cz\/wp-content\/uploads\/2023\/02\/image-10.png\" alt=\"\" class=\"wp-image-416\" width=\"632\" height=\"184\"\/><\/figure>\n\n\n\n<figure class=\"wp-block-image size-full\"><img loading=\"lazy\" decoding=\"async\" width=\"842\" height=\"594\" src=\"https:\/\/miamiti.cz\/wp-content\/uploads\/2023\/02\/image-11.png\" alt=\"\" class=\"wp-image-417\" srcset=\"https:\/\/miamiti.cz\/wp-content\/uploads\/2023\/02\/image-11.png 842w, https:\/\/miamiti.cz\/wp-content\/uploads\/2023\/02\/image-11-300x212.png 300w, https:\/\/miamiti.cz\/wp-content\/uploads\/2023\/02\/image-11-768x542.png 768w\" sizes=\"auto, (max-width: 842px) 100vw, 842px\" \/><\/figure>\n\n\n\n<p>Lorem ipsum&#8230;.<\/p>\n\n\n\n<figure class=\"wp-block-video\"><\/figure>\n","protected":false},"excerpt":{"rendered":"<p>Historical inspiration pro pl\u00e1ny MIAMITII jsou z knihy Architectura navalis mercatoria, kterou vydal \u0161v\u00e9dsk\u00fd admir\u00e1l a lodn\u00ed konstrukt\u00e9r Fredrik Henrik af Chapman roku 1768. Lorem ipsum&#8230;.<\/p>\n","protected":false},"author":2,"featured_media":0,"parent":50,"menu_order":0,"comment_status":"closed","ping_status":"closed","template":"","meta":{"neve_meta_sidebar":"","neve_meta_container":"","neve_meta_enable_content_width":"","neve_meta_content_width":0,"neve_meta_title_alignment":"","neve_meta_author_avatar":"","neve_post_elements_order":"","neve_meta_disable_header":"","neve_meta_disable_footer":"","neve_meta_disable_title":"","ngg_post_thumbnail":0,"_ti_tpc_template_sync":false,"_ti_tpc_template_id":"","footnotes":""},"class_list":["post-415","page","type-page","status-publish","hentry"],"translation":{"provider":"WPGlobus","version":"2.10.1","language":"en","enabled_languages":["cz","en"],"languages":{"cz":{"title":true,"content":true,"excerpt":false},"en":{"title":true,"content":true,"excerpt":false}}},"_links":{"self":[{"href":"https:\/\/miamiti.cz\/en\/wp-json\/wp\/v2\/pages\/415","targetHints":{"allow":["GET"]}}],"collection":[{"href":"https:\/\/miamiti.cz\/en\/wp-json\/wp\/v2\/pages"}],"about":[{"href":"https:\/\/miamiti.cz\/en\/wp-json\/wp\/v2\/types\/page"}],"author":[{"embeddable":true,"href":"https:\/\/miamiti.cz\/en\/wp-json\/wp\/v2\/users\/2"}],"replies":[{"embeddable":true,"href":"https:\/\/miamiti.cz\/en\/wp-json\/wp\/v2\/comments?post=415"}],"version-history":[{"count":15,"href":"https:\/\/miamiti.cz\/en\/wp-json\/wp\/v2\/pages\/415\/revisions"}],"predecessor-version":[{"id":484,"href":"https:\/\/miamiti.cz\/en\/wp-json\/wp\/v2\/pages\/415\/revisions\/484"}],"up":[{"embeddable":true,"href":"https:\/\/miamiti.cz\/en\/wp-json\/wp\/v2\/pages\/50"}],"wp:attachment":[{"href":"https:\/\/miamiti.cz\/en\/wp-json\/wp\/v2\/media?parent=415"}],"curies":[{"name":"wp","href":"https:\/\/api.w.org\/{rel}","templated":true}]}}